{"id":2,"date":"2016-05-12T03:33:20","date_gmt":"2016-05-12T02:33:20","guid":{"rendered":"http:\/\/wp44m.a10-52-158-154.qa.plesk.ru\/wordpress\/?page_id=2"},"modified":"2016-07-26T01:03:28","modified_gmt":"2016-07-26T00:03:28","slug":"sample-page","status":"publish","type":"page","link":"http:\/\/eduprojekt.pl\/","title":{"rendered":"O zmianie biznesowej"},"content":{"rendered":"<div id=\"pl-2\"  class=\"panel-layout\" ><div id=\"pg-2-0\"  class=\"panel-grid panel-no-style\" ><div id=\"pgc-2-0-0\"  class=\"panel-grid-cell\" ><div id=\"panel-2-0-0-0\" class=\"so-panel widget_sow-editor panel-first-child panel-last-child\" data-index=\"0\" ><div class=\"panel-widget-style panel-widget-style-for-2-0-0-0\" ><div class=\"so-widget-sow-editor so-widget-sow-editor-base\">\n<div class=\"siteorigin-widget-tinymce textwidget\">\n\t<p><span style=\"color: #556db5;\">Organizacje biznesowe nastawione s\u0105 przede wszystkim na przetrwanie, a ich polityka skierowana jest na prowadzenie strategii umo\u017cliwiaj\u0105cej kontynuowanie prowadzonej dzia\u0142alno\u015bci. Jednak przetrwanie nie mo\u017ce bazowa\u0107 na polityce stagnacji, utrzymania status quo, a wr\u0119cz przeciwnie \u2013 bazuje na ci\u0105g\u0142ym przeprowadzaniu zmian, i to nierzadko rewolucyjnych.\u00a0<\/span><\/p>\n<p><span style=\"color: #556db5;\">Ale je\u015bli zmiana, to wi\u0119ksze ryzyko. Czy potrafimy przeprowadzi\u0107 jego analiz\u0119 i wybra\u0107 optymalne rozwi\u0105zanie, kt\u00f3re zapewni oczekiwane korzy\u015bci bez niepotrzebnego wystawiania si\u0119 na zagro\u017cenia i przy wykorzystaniu okazji, kt\u00f3re mog\u0105 si\u0119 pojawi\u0107?<\/span><\/p>\n<p><span style=\"color: #556db5;\">A co jest kluczem do sukcesu przedsi\u0119wzi\u0119cia? Cytuj\u0105c wielkich wodz\u00f3w - trzeba po prostu mie\u0107 szcz\u0119\u015bcie. Niestety nie wszyscy mo\u017cemy na nie liczy\u0107, w ka\u017cdym razie mie\u0107 pewno\u015b\u0107, \u017ce nam dopisze. Zatem musimy zrobi\u0107 to, co zale\u017cy od nas:<\/span><br \/> <span style=\"color: #556db5;\"> W\u0141A\u015aCIWIE\u00a0 ZARZ\u0104DZA\u0106 !!<\/span><\/p>\n<p><span style=\"color: #556db5;\">Zasady zarz\u0105dzania zmian\u0105 odnosz\u0105 si\u0119 te\u017c do dzia\u0142alno\u015bci nie zwi\u0105zanej \u015bci\u015ble z prowadzeniem biznesu. Udane przedsi\u0119wzi\u0119cia o charakterze prywatnym, np. organizacja imprez rozrywkowych czy wypoczynku, te\u017c w du\u017cej mierze zale\u017c\u0105 od tego, czy umiemy je dobrze zaplanowa\u0107 i przeprowadzi\u0107 przy zastosowaniu dobrych praktyk. O tym, a w ka\u017cdym razie g\u0142\u00f3wnie o tym zajmujemy si\u0119 na tym portalu.<\/span><\/p>\n<\/div>\n<\/div><\/div><\/div><\/div><\/div><div id=\"pg-2-1\"  class=\"panel-grid panel-no-style\" ><div id=\"pgc-2-1-0\"  class=\"panel-grid-cell panel-grid-cell-empty\" ><\/div><div id=\"pgc-2-1-1\"  class=\"panel-grid-cell\" ><div id=\"panel-2-1-1-0\" class=\"so-panel widget_sow-editor panel-first-child panel-last-child\" data-index=\"1\" ><div class=\"so-widget-sow-editor so-widget-sow-editor-base\">\n<div class=\"siteorigin-widget-tinymce textwidget\">\n\t<p style=\"text-align: right;\"><span style=\"color: #333399;\">... <\/span><a href=\"http:\/\/eduprojekt.pl\/wp-content\/uploads\/2016\/07\/Wprow_do_ZB.pdf\"><span style=\"color: #333399;\">wi\u0119cej o zmianie biznesowej<\/span><span style=\"color: #333399;\"> \u00a0\u2192<\/span><\/a><span style=\"color: #333399;\"> \u00a0\u00a0 <\/span><em><br \/>\n<\/em><\/p>\n<\/div>\n<\/div><\/div><\/div><\/div><\/div>","protected":false},"excerpt":{"rendered":"<p>Organizacje biznesowe nastawione s\u0105 przede wszystkim na przetrwanie, a ich polityka skierowana jest na prowadzenie strategii umo\u017cliwiaj\u0105cej kontynuowanie prowadzonej dzia\u0142alno\u015bci. Jednak przetrwanie nie mo\u017ce bazowa\u0107 na polityce stagnacji, utrzymania status quo, a wr\u0119cz przeciwnie \u2013 bazuje na ci\u0105g\u0142ym przeprowadzaniu zmian, i to nierzadko rewolucyjnych.\u00a0Ale je\u015bli zmiana, to wi\u0119ksze ryzyko. Czy<a href=\"http:\/\/eduprojekt.pl\/\" class=\"read-more\">Read More<\/a><\/p>\n","protected":false},"author":1,"featured_media":0,"parent":0,"menu_order":0,"comment_status":"closed","ping_status":"closed","template":"","meta":[],"_links":{"self":[{"href":"http:\/\/eduprojekt.pl\/index.php?rest_route=\/wp\/v2\/pages\/2"}],"collection":[{"href":"http:\/\/eduprojekt.pl\/index.php?rest_route=\/wp\/v2\/pages"}],"about":[{"href":"http:\/\/eduprojekt.pl\/index.php?rest_route=\/wp\/v2\/types\/page"}],"author":[{"embeddable":true,"href":"http:\/\/eduprojekt.pl\/index.php?rest_route=\/wp\/v2\/users\/1"}],"replies":[{"embeddable":true,"href":"http:\/\/eduprojekt.pl\/index.php?rest_route=%2Fwp%2Fv2%2Fcomments&post=2"}],"version-history":[{"count":29,"href":"http:\/\/eduprojekt.pl\/index.php?rest_route=\/wp\/v2\/pages\/2\/revisions"}],"predecessor-version":[{"id":335,"href":"http:\/\/eduprojekt.pl\/index.php?rest_route=\/wp\/v2\/pages\/2\/revisions\/335"}],"wp:attachment":[{"href":"http:\/\/eduprojekt.pl\/index.php?rest_route=%2Fwp%2Fv2%2Fmedia&parent=2"}],"curies":[{"name":"wp","href":"https:\/\/api.w.org\/{rel}","templated":true}]}}